{"id":612,"date":"2020-11-05T16:23:46","date_gmt":"2020-11-05T21:23:46","guid":{"rendered":"https:\/\/oreephyto.ca\/a-propos-de-nous\/"},"modified":"2021-02-24T09:21:12","modified_gmt":"2021-02-24T14:21:12","slug":"about-us","status":"publish","type":"page","link":"https:\/\/oreephyto.ca\/en\/about-us\/","title":{"rendered":"About us"},"content":{"rendered":"<section class=\"l-section wpb_row us_custom_72fc42ef height_auto width_full\"><div class=\"l-section-h i-cf\"><div class=\"g-cols vc_row type_default valign_middle\"><div class=\"vc_col-sm-6 wpb_column vc_column_container animate_afb\"><div class=\"vc_column-inner us_custom_0728b4ce\"><div class=\"wpb_wrapper\"><div class=\"w-separator size_custom\" style=\"height:250px\"><\/div><div class=\"wpb_text_column\" ><div class=\"wpb_wrapper\"><h4 style=\"text-align: center;\">Or\u00e9e is a high performance professional product line for skin care. This line is offered exclusively to the beauty salon, spa and resort industry.<\/h4>\n<\/div><\/div><div class=\"w-separator size_custom\" style=\"height:250px\"><\/div><\/div><\/div><\/div><div class=\"vc_col-sm-6 wpb_column vc_column_container has-fill parallax\"><div class=\"vc_column-inner us_custom_4e983d94\"><div class=\"wpb_wrapper\"><\/div><\/div><\/div><\/div><\/div><\/section><section class=\"l-section wpb_row us_custom_a9be633b height_medium\"><div class=\"l-section-h i-cf\"><div class=\"g-cols vc_row type_default valign_top\"><div class=\"vc_col-sm-3 wpb_column vc_column_container\"><div class=\"vc_column-inner\"><div class=\"wpb_wrapper\"><\/div><\/div><\/div><div class=\"vc_col-sm-6 wpb_column vc_column_container animate_afb\"><div class=\"vc_column-inner\"><div class=\"wpb_wrapper\"><div class=\"wpb_text_column\" ><div class=\"wpb_wrapper\"><h4 style=\"text-align: center;\">Our story<\/h4>\n<\/div><\/div><div class=\"wpb_text_column\" ><div class=\"wpb_wrapper\"><p>It is in 2014 that the Or\u00e9e phytocosmetic brand saw the light of day, a high performance professional phytocosmetic line for skin care entirely shaped by the company Pranasens, from seed to final product.<\/p>\n<p>It is from the symbiosis of a land cultivated with specialized plants for the manufacture of extracts and the border of the boreal forest that the Or\u00e9e brand has emerged. The authentic meeting between active molecules and aromas has inspired this purely made-in Qu\u00e9bec brand, Or\u00e9e.<\/p>\n<p>Pranasens is a proud leader in Quebec in the field of phytocosmetics. Pioneer, experience, journey, vision, passion, passionate about plants and their effects on humans, passionate about the skin<\/p>\n<\/div><\/div><\/div><\/div><\/div><div class=\"vc_col-sm-3 wpb_column vc_column_container\"><div class=\"vc_column-inner\"><div class=\"wpb_wrapper\"><\/div><\/div><\/div><\/div><\/div><\/section><section class=\"l-section wpb_row us_custom_0728b4ce height_medium width_full\"><div class=\"l-section-h i-cf\"><div class=\"g-cols vc_row type_default valign_top\"><div class=\"vc_col-sm-6 wpb_column vc_column_container\"><div class=\"vc_column-inner us_custom_8b9abbb5\"><div class=\"wpb_wrapper\"><div class=\"w-separator size_custom\" style=\"height:150px\"><\/div><div class=\"wpb_text_column\" ><div class=\"wpb_wrapper\"><h4 style=\"text-align: center;\">Our mission<\/h4>\n<\/div><\/div><div class=\"wpb_text_column\" ><div class=\"wpb_wrapper\"><p>To pay tribute to our organic plants used for the benefit of the best cosmetological practices in order to allow all the usage of high-performance products resulting from this union.<\/p>\n<\/div><\/div><div class=\"w-separator size_custom\" style=\"height:150px\"><\/div><\/div><\/div><\/div><div class=\"vc_col-sm-6 wpb_column vc_column_container has-fill animate_afr parallax\"><div class=\"vc_column-inner us_custom_912e27f3\"><div class=\"wpb_wrapper\"><\/div><\/div><\/div><\/div><\/div><\/section><section class=\"l-section wpb_row us_custom_0728b4ce height_medium width_full\"><div class=\"l-section-h i-cf\"><div class=\"g-cols vc_row type_default valign_top\"><div class=\"vc_col-sm-6 wpb_column vc_column_container has-fill animate_afl parallax\"><div class=\"vc_column-inner us_custom_68fa54d6\"><div class=\"wpb_wrapper\"><\/div><\/div><\/div><div class=\"vc_col-sm-6 wpb_column vc_column_container\"><div class=\"vc_column-inner us_custom_d03a1b53\"><div class=\"wpb_wrapper\"><div class=\"w-separator size_custom\" style=\"height:150px\"><\/div><div class=\"wpb_text_column\" ><div class=\"wpb_wrapper\"><h4 style=\"text-align: center;\">Our vision<\/h4>\n<\/div><\/div><div class=\"wpb_text_column\" ><div class=\"wpb_wrapper\"><p>Be the reference for organic phytocosmetics in Canada<\/p>\n<\/div><\/div><div class=\"w-separator size_custom\" style=\"height:150px\"><\/div><\/div><\/div><\/div><\/div><\/div><\/section><section class=\"l-section wpb_row us_custom_0728b4ce height_medium width_full\"><div class=\"l-section-h i-cf\"><div class=\"g-cols vc_row type_default valign_top\"><div class=\"vc_col-sm-6 wpb_column vc_column_container\"><div class=\"vc_column-inner us_custom_8b9abbb5\"><div class=\"wpb_wrapper\"><div class=\"w-separator size_custom\" style=\"height:150px\"><\/div><div class=\"wpb_text_column\" ><div class=\"wpb_wrapper\"><h4 style=\"text-align: center;\">Our values<\/h4>\n<\/div><\/div><div class=\"wpb_text_column\" ><div class=\"wpb_wrapper\"><p style=\"text-align: center;\">Well-being, quality, ecology,<br \/>\nauthenticity, transparency, harmlessness<\/p>\n<\/div><\/div><div class=\"w-separator size_custom\" style=\"height:150px\"><\/div><\/div><\/div><\/div><div class=\"vc_col-sm-6 wpb_column vc_column_container has-fill animate_afr parallax\"><div class=\"vc_column-inner us_custom_b3483275\"><div class=\"wpb_wrapper\"><\/div><\/div><\/div><\/div><\/div><\/section>\n","protected":false},"excerpt":{"rendered":"Or\u00e9e is a high performance professional product line for skin care. This line is offered exclusively to the beauty salon, spa and resort industry. Our story It is in 2014 that the Or\u00e9e phytocosmetic brand saw the light of day, a high performance professional phytocosmetic line for skin care entirely shaped by the company Pranasens,...","protected":false},"author":8,"featured_media":0,"parent":0,"menu_order":0,"comment_status":"closed","ping_status":"closed","template":"","meta":{"_acf_changed":false,"inline_featured_image":false,"footnotes":""},"class_list":["post-612","page","type-page","status-publish","hentry"],"acf":[],"_links":{"self":[{"href":"https:\/\/oreephyto.ca\/en\/wp-json\/wp\/v2\/pages\/612","targetHints":{"allow":["GET"]}}],"collection":[{"href":"https:\/\/oreephyto.ca\/en\/wp-json\/wp\/v2\/pages"}],"about":[{"href":"https:\/\/oreephyto.ca\/en\/wp-json\/wp\/v2\/types\/page"}],"author":[{"embeddable":true,"href":"https:\/\/oreephyto.ca\/en\/wp-json\/wp\/v2\/users\/8"}],"replies":[{"embeddable":true,"href":"https:\/\/oreephyto.ca\/en\/wp-json\/wp\/v2\/comments?post=612"}],"version-history":[{"count":6,"href":"https:\/\/oreephyto.ca\/en\/wp-json\/wp\/v2\/pages\/612\/revisions"}],"predecessor-version":[{"id":678,"href":"https:\/\/oreephyto.ca\/en\/wp-json\/wp\/v2\/pages\/612\/revisions\/678"}],"wp:attachment":[{"href":"https:\/\/oreephyto.ca\/en\/wp-json\/wp\/v2\/media?parent=612"}],"curies":[{"name":"wp","href":"https:\/\/api.w.org\/{rel}","templated":true}]}}